{"id":1485,"date":"2012-03-20T19:23:44","date_gmt":"2012-03-20T19:23:44","guid":{"rendered":"https:\/\/2006.justiciaparaoaxaca.net\/?page_id=1485"},"modified":"2013-03-27T00:16:36","modified_gmt":"2013-03-27T00:16:36","slug":"videos","status":"publish","type":"page","link":"https:\/\/2006.justiciaparaoaxaca.net\/?page_id=1485","title":{"rendered":"Videos"},"content":{"rendered":"<h2>Aqu\u00ed puedes consultar videos relacionados al movimiento de 2006 en Oaxaca.<\/h2>\n<p><iframe loading=\"lazy\" width=\"640\" height=\"360\" src=\"https:\/\/www.youtube-nocookie.com\/embed\/videoseries?list=PLgkdNeVRDlGsaII1bP2rJSil2Tlt10DGi\" frameborder=\"0\" allowfullscreen><\/iframe><\/p>\n<hr>\n<h2>Lista de Videos <\/h2>\n<ul class=\"lcp_catlist\" id=\"lcp_instance_0\"><li><a href=\"https:\/\/2006.justiciaparaoaxaca.net\/?p=1564\">\u00abUlises Ruiz y sus conversaciones grabadas\u00bb<\/a><div class=\"lcp_excerpt\">\n\n\n\u00abUlises Ruiz y sus conversaciones grabadas\u00bb NOTICIAS MVS. Diversas conversaciones telefonicas que fueron difundidas a nivel nacional y que despertaron toda una discuci\u00f3n acerca de su administraci\u00f3n como gobernador el estado de Oaxaca.\n<\/div><\/li><li><a href=\"https:\/\/2006.justiciaparaoaxaca.net\/?p=1553\">\u201cCaminos de Corrupci\u00f3n\u201d<\/a><div class=\"lcp_excerpt\">\n\u201cCaminos de Corrupci\u00f3n\u201d. Reportaje de Fatima Monterrosa para el programa Punto de Partida de Televisa. El tema son las constructoras fantasmas credas en el ultimo a\u00f1o de gobierno de Ulises Ruiz\n<\/div><\/li><li><a href=\"https:\/\/2006.justiciaparaoaxaca.net\/?p=1558\">\u201cEl otro legado Ruin\u201d<\/a><div class=\"lcp_excerpt\">\n\u201cEl otro legado Ruin\u201d.Reportaje de Fatima Monterrosa para el programa Punto de Partida de Televisa. El tema las diversas irregularidades en el sector salud del Gobierno del Estado de Oaxaca, durante la administraci\u00f3n de Ulises Ruiz.\n<\/div><\/li><li><a href=\"https:\/\/2006.justiciaparaoaxaca.net\/?p=1550\">14 de junio de 2006 No se olvida!<\/a><div class=\"lcp_excerpt\">\nCon imagenes de Ojo de Agua. Este fue el primer video del desalojo del14 de junio que se difundi\u00f3.\n&nbsp;\n<\/div><\/li><li><a href=\"https:\/\/2006.justiciaparaoaxaca.net\/?p=1547\">2 de noviembre de 2006<\/a><div class=\"lcp_excerpt\">\nImagenes del enfrentamiento del 2 de noviembre en las inmediaciiones de Ciudad Universitaria,en donde claramente se aprecia los intentos de la PFP por penetrar a CU y tomar la Radio.\n<\/div><\/li><li><a href=\"https:\/\/2006.justiciaparaoaxaca.net\/?p=1498\">ASARO: arte y lucha social en Oaxaca<\/a><div class=\"lcp_excerpt\">\nEntrevista con Mario, vocero de la Asamblea de Artistas Revolucionarios de Oaxaca (ASARO), agrupaci\u00f3n surgida durante las movilizaciones sociales de la APPO en 2006. ASARO despleg\u00f3 una intensa actividad art\u00edstica y cultural para difundir y apoyar su causa, sobre todo por medio de carteles, hojas volantes y pintas en las paredes, notables por su calidad e ingenio. ASARO inaugur\u00f3 el ...<\/div><\/li><li><a href=\"https:\/\/2006.justiciaparaoaxaca.net\/?p=1508\">Ataque armado en Coyotepec<\/a><div class=\"lcp_excerpt\">\nOAXACA:Consecuencias del ataque armado a maestros en San Bartolo Coyotepec.byindyOax&#8211;MaldeOjoTV http:\/\/mexico.indymedia.org\/oaxaca La tarde del 27 de octubre decenas de sicarios armados con rifles de asalto y otras armas de fuego, atacaron el campamento que maestros de la Secci\u00f3n22 del sindicato de maestros de eduaci\u00f3n p\u00fablica de Oaxaca, manten\u00eda desde junio como parte de las protestas en contra del gobernador Ulises ...<\/div><\/li><li><a href=\"https:\/\/2006.justiciaparaoaxaca.net\/?p=1522\">Batalla del 2 de noviembre<\/a><div class=\"lcp_excerpt\">\nde Oaxaca en Pie de Lucha imagenes ineditas del enfrentamiento del 2 de noviembre con la PFP en las inemdiaciones de Radio Universidad.\n<\/div><\/li><li><a href=\"https:\/\/2006.justiciaparaoaxaca.net\/?p=1528\">Batalla en el centro hist\u00f3rico<\/a><div class=\"lcp_excerpt\">\n\n\nLa Otra tele de La Jornada Tv, con el periodista Julio Hern\u00e1ndez, realizaron estos videos sobre el enfretamiento con la PFP el 25 de noviembre de 2006.\n<\/div><\/li><li><a href=\"https:\/\/2006.justiciaparaoaxaca.net\/?p=508\">Compromiso cumplido<\/a><div class=\"lcp_excerpt\">Documental sobre el conflicto oaxaque\u00f1o iniciado en Junio del 2006, donde es narrada la historia de los l\u00edderes sociales.\n\n(Junio 2007, 1:10 minutos)\npor Maldeojo TV y Comit\u00e9 de Liberaci\u00f3n 25 de Noviembre\n<\/div><\/li><li><a href=\"https:\/\/2006.justiciaparaoaxaca.net\/?p=1536\">Corte responsabiliza a Ulises Ruiz por conflicto en Oaxaca<\/a><div class=\"lcp_excerpt\">\n\nCarmen Aristegui, programa de CNN en espa\u00f1ol. Dedicado a reflexionar sobre los resoltuvios de La Suprema Corte de Justicia de la Naci\u00f3n (SCJN) quienes encontraron responsable al gobernador Ulises Ruiz Ortiz de las graves violaciones a los derechos humanos ocurridas durante el conflicto con la Asamblea Popular de Pueblos de Oaxaca (APPO), entre 2006 y 2007.\n<\/div><\/li><li><a href=\"https:\/\/2006.justiciaparaoaxaca.net\/?p=1516\">Criminalizaci\u00f3n televisiva de Tv Azteca contra la APPO 27-10-2006<\/a><div class=\"lcp_excerpt\">\nVideo del noticiero \u201cHechos\u201d de TV Azteca. En el prodemos apreciar la opini\u00f3n de TV azteca sobre el movimiento social, la situaci\u00f3n del estado, asi c\u00f3mo a quien ellos consideran resposables de la crisis pol\u00edtica. Cabe mencionar que el reportero Edgar Galicia se vio envuelto en un escandalo por supuestamente haber recibido una casa y un departamento, por parte del ...<\/div><\/li><li><a href=\"https:\/\/2006.justiciaparaoaxaca.net\/?p=512\">Desalojo del 14 de junio en el Z\u00f3calo de la Ciudad<\/a><div class=\"lcp_excerpt\">El 14 de Junio de 2006, diversos cuerpos policiacos del Estado intentaron desalojar el plant\u00f3n que el magisterio oaxaque\u00f1o manten\u00eda en el centro de la ciudad desde el 21 de mayo. El registro en video fue posible gracias a los medios libres.\n\nDuraci\u00f3n: 12:30 minutos\nFuente: http:\/\/www.archive.org\/details\/Oaxaca_rebelion-popular_2006\n<\/div><\/li><li><a href=\"https:\/\/2006.justiciaparaoaxaca.net\/?p=1573\">DRA.BERTA MU\u00d1OZ DESPUES DE 2 A\u00d1OS DE EXILIO FORZADO<\/a><div class=\"lcp_excerpt\">\nTestimonio de la Doctora Bertha Mu\u00f1os Mier, locutora de Radio Universidad, despues de dos a\u00f1os de estar en el exilio regresa a Oaxaca.\n<\/div><\/li><li><a href=\"https:\/\/2006.justiciaparaoaxaca.net\/?p=1576\">El regreso de Ulises Ru\u00edz Ort\u00edz<\/a><div class=\"lcp_excerpt\">\nDe Oaxaca Periodismo Digital. Reportaje sobre el reaparici\u00f3n p\u00fablica de Ulises Ruiz, depues de haber dejado el cargo c\u00f3mo gobernador del estado de Oaxaca.\n&nbsp;\n<\/div><\/li><li><a href=\"https:\/\/2006.justiciaparaoaxaca.net\/?p=1520\">Enfrentamiento Contra APPO<\/a><div class=\"lcp_excerpt\">\nVideo con imagenes de la \u201cBrigada movil\u201d encargada del cierre de oficinas de gobierno para demostrar el estado de \u201cingobernabilidad\u201d imperante en el estado, durante el movimiento social.\n<\/div><\/li><li><a href=\"https:\/\/2006.justiciaparaoaxaca.net\/?p=1525\">La batalla del 25 noviembre<\/a><div class=\"lcp_excerpt\">\nVideo sobre la manifestaci\u00f3n de la APPO el 25 de noviembre de 2006, para exigir la salida de la PFP de Oaxaca. As\u00ed como de los enfrentamientos con la PFP en las calles del centro historico.\n<\/div><\/li><li><a href=\"https:\/\/2006.justiciaparaoaxaca.net\/?p=1502\">LA CALLE NO CALLA en OAXACA<\/a><div class=\"lcp_excerpt\">\nMicro Documental de la Exposici\u00f3n Nacional sobre arte urbano: LAS CALLES ESTAN DICIENDO COSAS.\n<\/div><\/li><li><a href=\"https:\/\/2006.justiciaparaoaxaca.net\/?p=459\">La pesadilla azul<\/a><div class=\"lcp_excerpt\">httpv:\/\/www.youtube.com\/watch?v=l09GKsPpS7s\nDocumental de Mal de Ojo TV, Enero 2007. Con subt\u00edtulos en ingl\u00e9s.\nLas detenciones arbitrarias del 25 de noviembre en Oaxaca constituyeron un grave evento de violaciones a los derechos humanos. Aqu\u00ed las voces de las v\u00edctimas.\nVea la parte 2\n<\/div><\/li><li><a href=\"https:\/\/2006.justiciaparaoaxaca.net\/?p=501\">La rebeli\u00f3n de las Oaxaque\u00f1as. La contribuci\u00f3n de las mujeres al movimiento popular<\/a><div class=\"lcp_excerpt\">Oaxaca, M\u00e9xico, 2007, 32 minutos\n\nLa rebeli\u00f3n de las oaxaque\u00f1as (M\u00e9xico) por exea\nProducido por Consorcio Oaxaca y Mal de Ojo TV.\n<\/div><\/li><li><a href=\"https:\/\/2006.justiciaparaoaxaca.net\/?p=1542\">Oaxaca<\/a><div class=\"lcp_excerpt\">\nVideo con imagenes de Noticieros Televisa, en donde el reportero Miguel Nila es increpado por personas, que el dijo, celebrar\u00f3n la llegada de la PFP. Las personas lo enfrentan gritandole que no es cierto. As\u00ed como el reportaje del Noticiero de Adela Micha con la nota de la entrada de la PFP a la ciudad de Oaxaca el 29 de ...<\/div><\/li><li><a href=\"https:\/\/2006.justiciaparaoaxaca.net\/?p=450\">Oaxaca \u00abbomba de tiempo\u00bb<\/a><div class=\"lcp_excerpt\">httpv:\/\/www.youtube.com\/watch?v=mWiuo1igTTU\nA 143 d\u00edas del conflicto&#8230;\nNoticiero T52 de Telemundo, En Contexto, 10 de octubre de 2006.\nCheca tambi\u00e9n: La situaci\u00f3n de Oaxaca empeora. 10 octubre de 2006, 3:51 min.\n<\/div><\/li><li><a href=\"https:\/\/2006.justiciaparaoaxaca.net\/?p=1570\">Oaxaca 25 de noviembre<\/a><div class=\"lcp_excerpt\">\nVideo de Indymedia de la marcha del 25 de noviembre de 2006, as\u00ed como de los enfrentamientos con la PFP en el centro hist\u00f3rico.\n&nbsp;\n<\/div><\/li><li><a href=\"https:\/\/2006.justiciaparaoaxaca.net\/?p=1531\">Oaxaca, el conflicto<\/a><div class=\"lcp_excerpt\">\n\n\n\n&nbsp;\nDocumental realizado por \u201cLa Jele\u201d acerca del conflicto de Oaxaca, comprendiendo los meses de mayo a septiembre de 2006. As\u00ed como el contexo pol\u00edtico en el que surge el movimiento social.\n<\/div><\/li><li><a href=\"https:\/\/2006.justiciaparaoaxaca.net\/?p=1511\">Oaxaca,27 de octubre de 2006  (Punto de Partida)<\/a><div class=\"lcp_excerpt\">\nVideo tomado del programa Punto de Partida, del domingo 29 de octubre de 2006. Est\u00e9 video nos presenta imagenes del enfrentamiento entre ciudadanos de la barrica de Calicanto y los priistas del municipio de Santa Lucia del Camino.\n<\/div><\/li><li><a href=\"https:\/\/2006.justiciaparaoaxaca.net\/?p=443\">Periodista muere acribillado.<\/a><div class=\"lcp_excerpt\">httpv:\/\/www.youtube.com\/watch?v=pD-25P0BKVI&amp;feature=related\nNoticiero T52, En contexto, dirigido por Rub\u00e9n Luengas. Reportaje sobre la situaci\u00f3n en Oaxaca y el asesinato del periodista norteamericano Brad Will.\nTelemundo, 9:49 min.\u00a028 de octubre de 2006\n<\/div><\/li><li><a href=\"https:\/\/2006.justiciaparaoaxaca.net\/?p=321\">Solidaridad de Nueva York con Oaxaca<\/a><div class=\"lcp_excerpt\">Desde muchos lugares del mundo se manifest\u00f3 la solidaridad con Oaxaca. Aqu\u00ed, desde Nueva York (Agosto 2007).\n\n\n<\/div><\/li><li><a href=\"https:\/\/2006.justiciaparaoaxaca.net\/?p=1534\">Testimonios de viudas del conflicto en Oaxaca<\/a><div class=\"lcp_excerpt\">\nSIPAZ, en su visita a Oaxaca en agosto de 2007, ha recogido los testimonios de dos viudas: Florina Jim\u00e9nez Lucas (viuda de Jos\u00e9 Jim\u00e9nez Colmenares, asesinado el 10 de agosto de 2006) y Carmen Mar\u00edn Garc\u00eda (viuda de Alejandro Garc\u00eda Hern\u00e1ndez, asesinado el 14 de octubre de 2006). Seg\u00fan reporta Amnist\u00eda Internacional en su \u00faltimo informe (Oaxaca: Clamor por la ...<\/div><\/li><li><a href=\"https:\/\/2006.justiciaparaoaxaca.net\/?p=1513\">Ulises Ruiz responsable del conflicto<\/a><div class=\"lcp_excerpt\">\nCon imagenes de CNN y de Tercer Grado, programa de televisa, en donde todos coinciden en que Ulises Ruiz es el cumplable del grave conflicto en Oaxaca.\n<\/div><\/li><li><a href=\"https:\/\/2006.justiciaparaoaxaca.net\/?p=1567\">Ulises Ruiz y Sus Conversaciones Grabadas, MESA POLITICA<\/a><div class=\"lcp_excerpt\">\n\nMesa de discuci\u00f3n de MVS. Los analistas Denisse Drresser, Lorenzo Meyer y Sergio Aguayo discuten el tema de las gravaciones de Ulises Ruiz.\n<\/div><\/li><li><a href=\"https:\/\/2006.justiciaparaoaxaca.net\/?p=1561\">Ulises Ruiz, sangre, dolor y muerte<\/a><div class=\"lcp_excerpt\">\n\u201cUlises Ruiz, sangre, dolor y muerte\u201d de Poder Digital en linea. Entrevistas a participantes de diversas movilizaciones en Oaxaca en el marco del conflicto por el municipio aut\u00f3nomo de San Juan Copala.\n<\/div><\/li><li><a href=\"https:\/\/2006.justiciaparaoaxaca.net\/?p=1544\">Un poquito de tanta verdad<\/a><div class=\"lcp_excerpt\">\nCorrugate Films en colavoraci\u00f3n con Mal de Ojo TV Elaboraron este documental hacerca del movimieto social y popular del 2006. Lo que en mayo empieza como una huelga de maestros luchando por mejores salarios y condiciones sociales, termina en una rebeli\u00f3n popular sin precedentes en el Estado de Oaxaca al suroeste de M\u00e9xico. Surge un movimiento social que durante meses ...<\/div><\/li><li><a href=\"https:\/\/2006.justiciaparaoaxaca.net\/?p=318\">Un poquito de tanta verdad. Video<\/a><div class=\"lcp_excerpt\">httpv:\/\/www.youtube.com\/watch?v=hm9QGjq9Bu4\nLo que en mayo 2006 empieza como una huelga de maestros luchando por mejores salarios y condiciones sociales, termina en una rebeli\u00f3n popular sin precedentes en el Estado de Oaxaca al suroeste de M\u00e9xico. Surge un movimiento social que durante meses se manifiesta en plantones, en cientos de barricadas en las calles, ocupando edificios municipales, gobernando la ciudad en autogesti\u00f3n ...<\/div><\/li><li><a href=\"https:\/\/2006.justiciaparaoaxaca.net\/?p=559\">V\u00edctimas solicitan comisi\u00f3n de la verdad por hechos de 2006<\/a><div class=\"lcp_excerpt\">\n2 de Noviembre 2001 &#8211; Descarga video MP4.\n<\/div><\/li><li><a href=\"https:\/\/2006.justiciaparaoaxaca.net\/?p=345\">Violencia de Estado y Represi\u00f3n. Documental de la TV Suiza (2007)<\/a><div class=\"lcp_excerpt\">En M\u00e9xico, la policia reprime con violencia brutal a los manifestantes en Oaxaca. Desde el 2006, una y otra vez hay marchas de protesta contra la represi\u00f3n. Una delegaci\u00f3n de parlamentarios suizos visitan en el 2007 Oaxaca y exigen que se cumplan el respeto a los Derechos Humanos.\nhttp:\/\/www.videoportal.sf.tv\n&nbsp;\n<\/div><\/li><\/ul>\n","protected":false},"excerpt":{"rendered":"<p>Aqu\u00ed puedes consultar videos relacionados al movimiento de 2006 en Oaxaca. Lista de Videos<\/p>\n","protected":false},"author":2,"featured_media":0,"parent":0,"menu_order":0,"comment_status":"closed","ping_status":"closed","template":"","meta":{"footnotes":""},"class_list":["post-1485","page","type-page","status-publish","hentry"],"_links":{"self":[{"href":"https:\/\/2006.justiciaparaoaxaca.net\/index.php?rest_route=\/wp\/v2\/pages\/1485","targetHints":{"allow":["GET"]}}],"collection":[{"href":"https:\/\/2006.justiciaparaoaxaca.net\/index.php?rest_route=\/wp\/v2\/pages"}],"about":[{"href":"https:\/\/2006.justiciaparaoaxaca.net\/index.php?rest_route=\/wp\/v2\/types\/page"}],"author":[{"embeddable":true,"href":"https:\/\/2006.justiciaparaoaxaca.net\/index.php?rest_route=\/wp\/v2\/users\/2"}],"replies":[{"embeddable":true,"href":"https:\/\/2006.justiciaparaoaxaca.net\/index.php?rest_route=%2Fwp%2Fv2%2Fcomments&post=1485"}],"version-history":[{"count":21,"href":"https:\/\/2006.justiciaparaoaxaca.net\/index.php?rest_route=\/wp\/v2\/pages\/1485\/revisions"}],"predecessor-version":[{"id":1487,"href":"https:\/\/2006.justiciaparaoaxaca.net\/index.php?rest_route=\/wp\/v2\/pages\/1485\/revisions\/1487"}],"wp:attachment":[{"href":"https:\/\/2006.justiciaparaoaxaca.net\/index.php?rest_route=%2Fwp%2Fv2%2Fmedia&parent=1485"}],"curies":[{"name":"wp","href":"https:\/\/api.w.org\/{rel}","templated":true}]}}