{"id":2,"date":"2011-05-25T19:58:08","date_gmt":"2011-05-25T19:58:08","guid":{"rendered":"https:\/\/2006.justiciaparaoaxaca.net\/?page_id=2"},"modified":"2016-10-31T04:55:33","modified_gmt":"2016-10-31T04:55:33","slug":"objetivos","status":"publish","type":"page","link":"https:\/\/2006.justiciaparaoaxaca.net\/?page_id=2","title":{"rendered":"Objetivo"},"content":{"rendered":"<ul>\n<li><strong>Evitar la impunidad y el olvido.<\/strong><\/li>\n<\/ul>\n<p>Despu\u00e9s de la represi\u00f3n que vivi\u00f3 Oaxaca en 2006, consideramos necesario seguir reflexionando sobre lo sucedido para abonar a la construcci\u00f3n de una sociedad m\u00e1s justa y participativa, rescatando la memoria y el proceso de organizaci\u00f3n para fortalecer los actuales procesos organizativos.<\/p>\n<p><em>Frente a este contexto es urgente seguir demandando justicia ante la represi\u00f3n, denunciando la criminalizaci\u00f3n de la protesta social y exigir un alto a la\u00a0impunidad.\u00a0<\/em><\/p>\n<h2>Como usar este sitio?<\/h2>\n<p>Este sitio compilatorio es un archivo digital sobre el movimiento social del 2006 en Oaxaca Encontrar\u00e1s en \u00e9l una amplia cronolog\u00eda, informes y documentos que se generaron en ese momento y otros posteriores que recogen interesantes reflexiones sobre el pasado y el presente de Oaxaca.<\/p>\n<p>La <strong>cronolog\u00eda<\/strong> es la columna vertebral de este sitio, para ir a una fecha espec\u00edfica entre en el mes que te interesa, una vez dentro, el calendario que se encuentra a la derecha muestra los d\u00edas del mes de ese a\u00f1o. Da click en la fecha que te interesa.<\/p>\n<p>JUSTICIA Y VERDAD PARA OAXACA<\/p>\n<p>&nbsp;<\/p>\n","protected":false},"excerpt":{"rendered":"<p>Evitar la impunidad y el olvido. Despu\u00e9s de la represi\u00f3n que vivi\u00f3 Oaxaca en 2006, consideramos necesario seguir reflexionando sobre lo sucedido para abonar a la construcci\u00f3n de una sociedad m\u00e1s justa y participativa, rescatando la memoria y el proceso &hellip;<\/p>\n<p class=\"read-more\"> <a class=\"more-link\" href=\"https:\/\/2006.justiciaparaoaxaca.net\/?page_id=2\"> <span class=\"screen-reader-text\">Objetivo<\/span> Leer m\u00e1s \u00bb<\/a><\/p>\n","protected":false},"author":2,"featured_media":0,"parent":0,"menu_order":2,"comment_status":"open","ping_status":"closed","template":"","meta":{"footnotes":""},"class_list":["post-2","page","type-page","status-publish","hentry"],"_links":{"self":[{"href":"https:\/\/2006.justiciaparaoaxaca.net\/index.php?rest_route=\/wp\/v2\/pages\/2","targetHints":{"allow":["GET"]}}],"collection":[{"href":"https:\/\/2006.justiciaparaoaxaca.net\/index.php?rest_route=\/wp\/v2\/pages"}],"about":[{"href":"https:\/\/2006.justiciaparaoaxaca.net\/index.php?rest_route=\/wp\/v2\/types\/page"}],"author":[{"embeddable":true,"href":"https:\/\/2006.justiciaparaoaxaca.net\/index.php?rest_route=\/wp\/v2\/users\/2"}],"replies":[{"embeddable":true,"href":"https:\/\/2006.justiciaparaoaxaca.net\/index.php?rest_route=%2Fwp%2Fv2%2Fcomments&post=2"}],"version-history":[{"count":10,"href":"https:\/\/2006.justiciaparaoaxaca.net\/index.php?rest_route=\/wp\/v2\/pages\/2\/revisions"}],"predecessor-version":[{"id":4207,"href":"https:\/\/2006.justiciaparaoaxaca.net\/index.php?rest_route=\/wp\/v2\/pages\/2\/revisions\/4207"}],"wp:attachment":[{"href":"https:\/\/2006.justiciaparaoaxaca.net\/index.php?rest_route=%2Fwp%2Fv2%2Fmedia&parent=2"}],"curies":[{"name":"wp","href":"https:\/\/api.w.org\/{rel}","templated":true}]}}