{"id":4028,"date":"2013-10-16T03:02:49","date_gmt":"2013-10-16T03:02:49","guid":{"rendered":"https:\/\/2006.justiciaparaoaxaca.net\/?page_id=4028"},"modified":"2016-10-25T19:25:18","modified_gmt":"2016-10-25T19:25:18","slug":"inicio","status":"publish","type":"page","link":"https:\/\/2006.justiciaparaoaxaca.net\/","title":{"rendered":"Inicio"},"content":{"rendered":"<p class=\"slide\" style=\"float:right\">[metaslider id=4183]<\/p>\n<h4>En el a\u00f1o 2015, la <a href=\"https:\/\/2006.justiciaparaoaxaca.net\/?cat=87\" target=\"_blank\">Comisi\u00f3n de la Verdad en Oaxaca<\/a> inici\u00f3 sus actividades.<\/h4>\n<ul class=\"lcp_catlist\" id=\"lcp_instance_0\"><li><a href=\"https:\/\/2006.justiciaparaoaxaca.net\/?p=4146\">Ya sabemos! Informe de la CVO (resumen)<\/a>  febrero 29, 2016 - <div class=\"lcp_excerpt\"> Resumen ejecutivo del informe Comisi\u00f3n de la Verdad \u201c\u00a1Ya Sabemos! No m\u00e1s impunidad en Oaxaca\u201d\nNo me gusta recordar lo que pas\u00f3 en 2006, porque ...<\/div><\/li><li><a href=\"https:\/\/2006.justiciaparaoaxaca.net\/?p=4153\">El expresidente Fox declara ante CVO<\/a>  enero 26, 2016 - <div class=\"lcp_excerpt\">Oaxaca de Ju\u00e1rez, Oax.- El expresidente de M\u00e9xico, Vicente Fox Quesada, rindi\u00f3 su declaraci\u00f3n ante la Comisi\u00f3n de la Verdad (CVO) sobre su responsabilidad durante ...<\/div><\/li><li><a href=\"https:\/\/2006.justiciaparaoaxaca.net\/?p=4148\">Recortan presupuesto a la CVO<\/a>  enero 19, 2016 - <div class=\"lcp_excerpt\">La Comisi\u00f3n de la Verdad enfrenta un recorte presupuestal de 2 millones de los 3 que requiere para concluir su trabajo, denunciaron Comisionados y organizaciones ...<\/div><\/li><li><a href=\"https:\/\/2006.justiciaparaoaxaca.net\/?p=4156\">Foro p\u00fablico: \u00a1Nunca M\u00e1s! Oaxaca 2006: Por la Verdad, la Justicia y la Reparaci\u00f3n, 25 Nov<\/a>  noviembre 25, 2015 - <div class=\"lcp_excerpt\">OAXACA, Oax. La detenci\u00f3n arbitraria de cerca de 140 personas, la tortura que sufrieron manifestantes a manos de la polic\u00eda estatal y federal y el ...<\/div><\/li><li><a href=\"https:\/\/2006.justiciaparaoaxaca.net\/?p=4139\">14 de junio, Sesi\u00f3n P\u00fablica de la Comisi\u00f3n de la Verdad<\/a>  junio 2, 2015 - <div class=\"lcp_excerpt\">BOLETIN DE LA COMISION DE LA VERDAD\nEl pr\u00f3ximo domingo 14 de junio, al conmemorarse el noveno aniversario del fallido desalojo del plant\u00f3n magisterial en el ...<\/div><\/li><li><a href=\"https:\/\/2006.justiciaparaoaxaca.net\/?p=4115\">Emeterio Cruz V\u00e1squez, \u00abejemplo de la Impunidad con que se tortura en Oaxaca\u00bb<\/a>  marzo 31, 2015 - <div class=\"lcp_excerpt\">Antes de perder el conocimiento, Emeterio Merino Cruz V\u00e1squez pens\u00f3 que iba a morir, record\u00f3 a sus hijas, a su esposa y se despidi\u00f3 de ...<\/div><\/li><li><a href=\"https:\/\/2006.justiciaparaoaxaca.net\/?p=4121\">Medina Mora debe declarar por hechos de 2006 en Oaxaca<\/a>  marzo 14, 2015 - <div class=\"lcp_excerpt\">Oaxaca, M\u00e9xico.- La Comisi\u00f3n de la Verdad, encabezada por el sacerdote Alejandro Solalinde Guerra, convoc\u00f3 al reci\u00e9n designado ministro de la Suprema Corte de Justicia ...<\/div><\/li><\/ul>\n","protected":false},"excerpt":{"rendered":"<p>[metaslider id=4183] En el a\u00f1o 2015, la Comisi\u00f3n de la Verdad en Oaxaca inici\u00f3 sus actividades.<\/p>\n","protected":false},"author":2,"featured_media":0,"parent":0,"menu_order":0,"comment_status":"closed","ping_status":"closed","template":"","meta":{"footnotes":""},"class_list":["post-4028","page","type-page","status-publish","hentry"],"_links":{"self":[{"href":"https:\/\/2006.justiciaparaoaxaca.net\/index.php?rest_route=\/wp\/v2\/pages\/4028","targetHints":{"allow":["GET"]}}],"collection":[{"href":"https:\/\/2006.justiciaparaoaxaca.net\/index.php?rest_route=\/wp\/v2\/pages"}],"about":[{"href":"https:\/\/2006.justiciaparaoaxaca.net\/index.php?rest_route=\/wp\/v2\/types\/page"}],"author":[{"embeddable":true,"href":"https:\/\/2006.justiciaparaoaxaca.net\/index.php?rest_route=\/wp\/v2\/users\/2"}],"replies":[{"embeddable":true,"href":"https:\/\/2006.justiciaparaoaxaca.net\/index.php?rest_route=%2Fwp%2Fv2%2Fcomments&post=4028"}],"version-history":[{"count":6,"href":"https:\/\/2006.justiciaparaoaxaca.net\/index.php?rest_route=\/wp\/v2\/pages\/4028\/revisions"}],"predecessor-version":[{"id":4184,"href":"https:\/\/2006.justiciaparaoaxaca.net\/index.php?rest_route=\/wp\/v2\/pages\/4028\/revisions\/4184"}],"wp:attachment":[{"href":"https:\/\/2006.justiciaparaoaxaca.net\/index.php?rest_route=%2Fwp%2Fv2%2Fmedia&parent=4028"}],"curies":[{"name":"wp","href":"https:\/\/api.w.org\/{rel}","templated":true}]}}