{"id":4194,"date":"2016-10-27T04:44:30","date_gmt":"2016-10-27T04:44:30","guid":{"rendered":"https:\/\/2006.justiciaparaoaxaca.net\/?page_id=4194"},"modified":"2016-10-27T04:44:30","modified_gmt":"2016-10-27T04:44:30","slug":"linea-de-tiempo","status":"publish","type":"page","link":"https:\/\/2006.justiciaparaoaxaca.net\/?page_id=4194","title":{"rendered":"Linea de Tiempo"},"content":{"rendered":"<h2>La rebeli\u00f3n popular en Oaxaca a trav\u00e9s de los d\u00edas<\/h2>\n<!-- #infinite_timeline -->\n<div id=\"infinite_timeline\">\n<div class=\"page\"><div class=\"box\"><div class=\"year_head\">2007<\/div><div class=\"year_posts\"><div class=\"item left year_top\"><a href=\"https:\/\/2006.justiciaparaoaxaca.net\/?p=1269\"><div class=\"title\">July 16, 2007<br>Bolet\u00edn de la CCIODH ante los sucesos ocurridos el16 de julio de 2007<\/div><\/a><\/div><\/div><div class=\"year_head\">2006<\/div><div class=\"year_posts\"><div class=\"item right year_top\"><a href=\"https:\/\/2006.justiciaparaoaxaca.net\/?p=1372\"><div class=\"title\">December 24, 2006<br>\u201cCondena en Europa\u201d<\/div><\/a><\/div><div class=\"item left\" style=\"margin-top: 1px;\"><a href=\"https:\/\/2006.justiciaparaoaxaca.net\/?p=1424\"><div class=\"title\">December 24, 2006<br>\u201cTestimonios de pesadilla\u201d<\/div><\/a><\/div><div class=\"item right\" style=\"margin-top: 7px;\"><a href=\"https:\/\/2006.justiciaparaoaxaca.net\/?p=1433\"><div class=\"title\">December 17, 2006<br>Vejaciones<\/div><\/a><\/div><div class=\"item left\" style=\"margin-top: 1px;\"><a href=\"https:\/\/2006.justiciaparaoaxaca.net\/?p=1414\"><img loading=\"lazy\" decoding=\"async\" width=\"605\" height=\"317\" src=\"https:\/\/2006.justiciaparaoaxaca.net\/wp-content\/uploads\/2006\/12\/salir-proceso.jpg\" class=\"lazyload wp-post-image\" alt=\"\" srcset=\"https:\/\/2006.justiciaparaoaxaca.net\/wp-content\/uploads\/2006\/12\/salir-proceso.jpg 627w, https:\/\/2006.justiciaparaoaxaca.net\/wp-content\/uploads\/2006\/12\/salir-proceso-300x157.jpg 300w, https:\/\/2006.justiciaparaoaxaca.net\/wp-content\/uploads\/2006\/12\/salir-proceso-250x131.jpg 250w, https:\/\/2006.justiciaparaoaxaca.net\/wp-content\/uploads\/2006\/12\/salir-proceso-100x52.jpg 100w, https:\/\/2006.justiciaparaoaxaca.net\/wp-content\/uploads\/2006\/12\/salir-proceso-150x79.jpg 150w, https:\/\/2006.justiciaparaoaxaca.net\/wp-content\/uploads\/2006\/12\/salir-proceso-200x105.jpg 200w, https:\/\/2006.justiciaparaoaxaca.net\/wp-content\/uploads\/2006\/12\/salir-proceso-450x236.jpg 450w, https:\/\/2006.justiciaparaoaxaca.net\/wp-content\/uploads\/2006\/12\/salir-proceso-600x315.jpg 600w\" sizes=\"auto, (max-width: 605px) 100vw, 605px\" \/><div class=\"title\">December 17, 2006<br>\u201cSolo quer\u00eda salir de este infierno\u201d<\/div><\/a><\/div><div class=\"item right\" style=\"margin-top: 7px;\"><a href=\"https:\/\/2006.justiciaparaoaxaca.net\/?p=3973\"><div class=\"title\">December 10, 2006<br>Tras la marcha pac\u00edfica comienza otra etapa de la lucha en Oaxaca<\/div><\/a><\/div><div class=\"item left\" style=\"margin-top: 1px;\"><a href=\"https:\/\/2006.justiciaparaoaxaca.net\/?p=1064\"><div class=\"title\">December 10, 2006<br>entre los encarcelados hay gente inocente<\/div><\/a><\/div><div class=\"item right\" style=\"margin-top: 1px;\"><a href=\"https:\/\/2006.justiciaparaoaxaca.net\/?p=1421\"><div class=\"title\">December 10, 2006<br>Terrorismo de Estado<\/div><\/a><\/div><div class=\"item left\" style=\"margin-top: 6px;\"><a href=\"https:\/\/2006.justiciaparaoaxaca.net\/?p=3967\"><div class=\"title\">December 4, 2006<br>Contin\u00faan incomunicados los presos en Nayarit; entre ellos hay 3 menores<\/div><\/a><\/div><div class=\"item right\" style=\"margin-top: 1px;\"><a href=\"https:\/\/2006.justiciaparaoaxaca.net\/?p=1062\"><div class=\"title\">December 4, 2006<br>Detienen a Flavio Sosa<\/div><\/a><\/div><div class=\"item left\" style=\"margin-top: 1px;\"><a href=\"https:\/\/2006.justiciaparaoaxaca.net\/?p=1387\"><div class=\"title\">December 3, 2006<br>\u201cIncomunicados y torturados\u201d<\/div><\/a><\/div><div class=\"item right\" style=\"margin-top: 4px;\"><a href=\"https:\/\/2006.justiciaparaoaxaca.net\/?p=3962\"><div class=\"title\">November 30, 2006<br>Pri\u00edstas se infiltraron a marcha de la APPO y ocasionaron destrozos el s\u00e1bado<\/div><\/a><\/div><div class=\"item left\" style=\"margin-top: 1px;\"><a href=\"https:\/\/2006.justiciaparaoaxaca.net\/?p=1060\"><div class=\"title\">November 30, 2006<br>Torturados e incomunicados<\/div><\/a><\/div><div class=\"item right\" style=\"margin-top: 1px;\"><a href=\"https:\/\/2006.justiciaparaoaxaca.net\/?p=3957\"><div class=\"title\">November 29, 2006<br>Cierran el cerco en torno a dirigentes de la APPO; entregan Radio Universidad<\/div><\/a><\/div><div class=\"item left\" style=\"margin-top: 1px;\"><a href=\"https:\/\/2006.justiciaparaoaxaca.net\/?p=1058\"><div class=\"title\">November 29, 2006<br>desaparici\u00f3n y abusos policiales contra 54 mujeres en Oaxaca<\/div><\/a><\/div><div class=\"item right\" style=\"margin-top: 1px;\"><a href=\"https:\/\/2006.justiciaparaoaxaca.net\/?p=1225\"><div class=\"title\">November 29, 2006<br>VIOLACIONES A DERECHOS HUMANOS COMETIDAS EN CONTRA DE LAS PERSONAS DETENIDAS EN OAXACA EL 25 DE NOVIEMBRE<\/div><\/a><\/div><div class=\"item left\" style=\"margin-top: 1px;\"><a href=\"https:\/\/2006.justiciaparaoaxaca.net\/?p=3960\"><div class=\"title\">November 29, 2006<br>\u00abEst\u00e1n incomunicados y creemos que est\u00e1n torturando\u00bb a los presos en Nayarit<\/div><\/a><\/div><div class=\"item right\" style=\"margin-top: 1px;\"><a href=\"https:\/\/2006.justiciaparaoaxaca.net\/?p=3954\"><div class=\"title\">November 29, 2006<br>Abascal: seguir\u00e1 di\u00e1logo con la APPO y cumpli\u00e9ndose \u00f3rdenes de aprehensi\u00f3n<\/div><\/a><\/div><div class=\"item left\" style=\"margin-top: 1px;\"><a href=\"https:\/\/2006.justiciaparaoaxaca.net\/?p=1055\"><div class=\"title\">November 28, 2006<br>los detenidos son de \u00bbalta peligrosidad\u00bb<\/div><\/a><\/div><div class=\"item right\" style=\"margin-top: 1px;\"><a href=\"https:\/\/2006.justiciaparaoaxaca.net\/?p=3940\"><div class=\"title\">November 28, 2006<br>Siembran polic\u00edas zozobra en Oaxaca por la b\u00fasqueda de l\u00edderes de la APPO<\/div><\/a><\/div><\/div><\/div><\/div><div class=\"pagenation\"><a href=\"\/index.php?rest_route=%2Fwp%2Fv2%2Fpages%2F4194&infinite_timeline_next=2\">More<\/a><div class=\"page-load-status\" style=\"display:none;\"><div class=\"infinite-scroll-request\"><img decoding=\"async\" src=\"https:\/\/2006.justiciaparaoaxaca.net\/wp-content\/plugins\/infinite-timeline\/images\/loading.gif\" alt=\"\" class=\"loading\"><\/div><\/div><\/div>\n<\/div><!-- \/#infinite_timeline -->\n\n","protected":false},"excerpt":{"rendered":"<p>La rebeli\u00f3n popular en Oaxaca a trav\u00e9s de los d\u00edas<\/p>\n","protected":false},"author":5,"featured_media":0,"parent":0,"menu_order":0,"comment_status":"closed","ping_status":"closed","template":"","meta":{"footnotes":""},"class_list":["post-4194","page","type-page","status-publish","hentry"],"_links":{"self":[{"href":"https:\/\/2006.justiciaparaoaxaca.net\/index.php?rest_route=\/wp\/v2\/pages\/4194","targetHints":{"allow":["GET"]}}],"collection":[{"href":"https:\/\/2006.justiciaparaoaxaca.net\/index.php?rest_route=\/wp\/v2\/pages"}],"about":[{"href":"https:\/\/2006.justiciaparaoaxaca.net\/index.php?rest_route=\/wp\/v2\/types\/page"}],"author":[{"embeddable":true,"href":"https:\/\/2006.justiciaparaoaxaca.net\/index.php?rest_route=\/wp\/v2\/users\/5"}],"replies":[{"embeddable":true,"href":"https:\/\/2006.justiciaparaoaxaca.net\/index.php?rest_route=%2Fwp%2Fv2%2Fcomments&post=4194"}],"version-history":[{"count":4,"href":"https:\/\/2006.justiciaparaoaxaca.net\/index.php?rest_route=\/wp\/v2\/pages\/4194\/revisions"}],"predecessor-version":[{"id":4198,"href":"https:\/\/2006.justiciaparaoaxaca.net\/index.php?rest_route=\/wp\/v2\/pages\/4194\/revisions\/4198"}],"wp:attachment":[{"href":"https:\/\/2006.justiciaparaoaxaca.net\/index.php?rest_route=%2Fwp%2Fv2%2Fmedia&parent=4194"}],"curies":[{"name":"wp","href":"https:\/\/api.w.org\/{rel}","templated":true}]}}